{"id":10014,"date":"2024-05-18T03:10:47","date_gmt":"2024-05-18T03:10:47","guid":{"rendered":"https:\/\/mueblespec.com\/?post_type=product&#038;p=10014"},"modified":"2024-06-19T16:18:38","modified_gmt":"2024-06-19T16:18:38","slug":"silla-de-visita-ohi-46","status":"publish","type":"product","link":"https:\/\/old.mueblespec.com\/index.php\/producto\/silla-de-visita-ohi-46\/","title":{"rendered":"SILLA ALTA OHI-46"},"content":{"rendered":"","protected":false},"excerpt":{"rendered":"<p><strong>DESCRIPCI\u00d3N<\/strong><\/p>\n<p><strong>Base:<\/strong>\u00a0estrella de 5 puntas en poliamida, rodajas tipo dual.<br \/>\n<strong>Elevaci\u00f3n<\/strong>:\u00a0por medio de pist\u00f3n neum\u00e1tico tipo cajero que permite ajustar la altura del asiento.<br \/>\n<strong>Perillas de ajuste:<\/strong>\u00a0para ajustar la altura del respaldo y otra la profundidad del respaldo con el asiento (es s\u00f3lo el tornillo).<br \/>\n<strong>Mecanismo:<\/strong>\u00a0plato de acero reforzado de dos palancas; una para el accionamiento y bloqueo del pist\u00f3n neum\u00e1tico, otra para ajustar y bloquear el \u00e1ngulo de inclinaci\u00f3n del respaldo (sistema de contacto permanente).<br \/>\n<strong>Respaldo y asiento:<\/strong>\u00a0poliuretano compacto suave de uso industrial con interior en madera de aglomerado.<br \/>\n<strong>Peso m\u00e1ximo de resistencia:<\/strong>\u00a0140 kgs.<br \/>\n<strong>NOTA:<\/strong>\u00a0Las medidas de las alturas aumentan 240 mm con kits cajeros.<\/p>\n","protected":false},"featured_media":10225,"comment_status":"open","ping_status":"closed","template":"","meta":[],"product_cat":[80],"product_tag":[],"class_list":{"0":"post-10014","1":"product","2":"type-product","3":"status-publish","4":"has-post-thumbnail","6":"product_cat-bancos","8":"first","9":"instock","10":"shipping-taxable","11":"product-type-simple"},"_links":{"self":[{"href":"https:\/\/old.mueblespec.com\/index.php\/wp-json\/wp\/v2\/product\/10014","targetHints":{"allow":["GET"]}}],"collection":[{"href":"https:\/\/old.mueblespec.com\/index.php\/wp-json\/wp\/v2\/product"}],"about":[{"href":"https:\/\/old.mueblespec.com\/index.php\/wp-json\/wp\/v2\/types\/product"}],"replies":[{"embeddable":true,"href":"https:\/\/old.mueblespec.com\/index.php\/wp-json\/wp\/v2\/comments?post=10014"}],"wp:featuredmedia":[{"embeddable":true,"href":"https:\/\/old.mueblespec.com\/index.php\/wp-json\/wp\/v2\/media\/10225"}],"wp:attachment":[{"href":"https:\/\/old.mueblespec.com\/index.php\/wp-json\/wp\/v2\/media?parent=10014"}],"wp:term":[{"taxonomy":"product_cat","embeddable":true,"href":"https:\/\/old.mueblespec.com\/index.php\/wp-json\/wp\/v2\/product_cat?post=10014"},{"taxonomy":"product_tag","embeddable":true,"href":"https:\/\/old.mueblespec.com\/index.php\/wp-json\/wp\/v2\/product_tag?post=10014"}],"curies":[{"name":"wp","href":"https:\/\/api.w.org\/{rel}","templated":true}]}}