{"id":10090,"date":"2024-05-25T05:46:02","date_gmt":"2024-05-25T05:46:02","guid":{"rendered":"https:\/\/mueblespec.com\/?post_type=product&#038;p=10090"},"modified":"2024-05-25T05:46:02","modified_gmt":"2024-05-25T05:46:02","slug":"banco-modelo-ia-02b","status":"publish","type":"product","link":"https:\/\/old.mueblespec.com\/index.php\/producto\/banco-modelo-ia-02b\/","title":{"rendered":"BANCO MODELO IA-02B"},"content":{"rendered":"","protected":false},"excerpt":{"rendered":"<p><strong>DESCRIPCI\u00d3N<\/strong><\/p>\n<p>Asiento con base de aglomerado de 16mm., tapizado en variedad de colores (consultar catalogo tapices), hule espuma en asiento 8 cm de espesor de 30 Kgs, rodajas tipo yoyo de nylon con una resistencia de 80 Kg c\/u (400 kg en total), sistema de elevaci\u00f3n en dos presentaciones: pist\u00f3n largo y pist\u00f3n corto, base en nylon de 22\u2033 de 5 puntas, mecanismo secretarial con ajuste neum\u00e1tico de altura.<\/p>\n","protected":false},"featured_media":10091,"comment_status":"open","ping_status":"closed","template":"","meta":[],"product_cat":[80],"product_tag":[],"class_list":{"0":"post-10090","1":"product","2":"type-product","3":"status-publish","4":"has-post-thumbnail","6":"product_cat-bancos","8":"first","9":"instock","10":"shipping-taxable","11":"product-type-simple"},"_links":{"self":[{"href":"https:\/\/old.mueblespec.com\/index.php\/wp-json\/wp\/v2\/product\/10090","targetHints":{"allow":["GET"]}}],"collection":[{"href":"https:\/\/old.mueblespec.com\/index.php\/wp-json\/wp\/v2\/product"}],"about":[{"href":"https:\/\/old.mueblespec.com\/index.php\/wp-json\/wp\/v2\/types\/product"}],"replies":[{"embeddable":true,"href":"https:\/\/old.mueblespec.com\/index.php\/wp-json\/wp\/v2\/comments?post=10090"}],"wp:featuredmedia":[{"embeddable":true,"href":"https:\/\/old.mueblespec.com\/index.php\/wp-json\/wp\/v2\/media\/10091"}],"wp:attachment":[{"href":"https:\/\/old.mueblespec.com\/index.php\/wp-json\/wp\/v2\/media?parent=10090"}],"wp:term":[{"taxonomy":"product_cat","embeddable":true,"href":"https:\/\/old.mueblespec.com\/index.php\/wp-json\/wp\/v2\/product_cat?post=10090"},{"taxonomy":"product_tag","embeddable":true,"href":"https:\/\/old.mueblespec.com\/index.php\/wp-json\/wp\/v2\/product_tag?post=10090"}],"curies":[{"name":"wp","href":"https:\/\/api.w.org\/{rel}","templated":true}]}}