{"id":10275,"date":"2025-07-25T20:38:47","date_gmt":"2025-07-25T20:38:47","guid":{"rendered":"https:\/\/mueblespec.com\/?post_type=product&#038;p=10275"},"modified":"2025-07-25T20:38:47","modified_gmt":"2025-07-25T20:38:47","slug":"silla-escolar-pl-120","status":"publish","type":"product","link":"https:\/\/old.mueblespec.com\/index.php\/producto\/silla-escolar-pl-120\/","title":{"rendered":"SILLA ESCOLAR PL-120"},"content":{"rendered":"","protected":false},"excerpt":{"rendered":"<p>DESCRIPCI\u00d3N<\/p>\n<p>Respaldo y asiento con dise\u00f1o ergon\u00f3mico, asiento con hule espuma en asiento de 5 cms. de espesor d. 30 kgs\/m\u00b3, con tapa de plastico de polipropileno en color negro o gris y tapizado en variedad de colores y respaldo de malla en variedad de colores (consultar catalogo tapices), estructura met\u00e1lica en tubo ovalado de 15\u00d729 cal. 18 en patas, en respaldo de tubo ovalado 15\u00d729 cal. 16, canastilla en varilla pulida de 1\/4\u201d, en paleta de tubo redondo 1\u201d cal. 18 y refuerzo de paleta en tubo redondo de 5\/8\u201d cal. 18, terminado en pintura epoxica electrost\u00e1tica, regat\u00f3n antiderrapante en polipropileno, para evitar ralladuras en piso, paleta en polipropileno color negro, unicamente en lado derecho o en melamina de dos caras en 19 mm. en color negro, con canto r\u00edgido en PVC, medida de 57 x 29 cms., lado izquierdo.<\/p>\n","protected":false},"featured_media":10276,"comment_status":"open","ping_status":"closed","template":"","meta":[],"product_cat":[88],"product_tag":[],"class_list":{"0":"post-10275","1":"product","2":"type-product","3":"status-publish","4":"has-post-thumbnail","6":"product_cat-mobilario-escolar","8":"first","9":"instock","10":"shipping-taxable","11":"product-type-simple"},"_links":{"self":[{"href":"https:\/\/old.mueblespec.com\/index.php\/wp-json\/wp\/v2\/product\/10275","targetHints":{"allow":["GET"]}}],"collection":[{"href":"https:\/\/old.mueblespec.com\/index.php\/wp-json\/wp\/v2\/product"}],"about":[{"href":"https:\/\/old.mueblespec.com\/index.php\/wp-json\/wp\/v2\/types\/product"}],"replies":[{"embeddable":true,"href":"https:\/\/old.mueblespec.com\/index.php\/wp-json\/wp\/v2\/comments?post=10275"}],"wp:featuredmedia":[{"embeddable":true,"href":"https:\/\/old.mueblespec.com\/index.php\/wp-json\/wp\/v2\/media\/10276"}],"wp:attachment":[{"href":"https:\/\/old.mueblespec.com\/index.php\/wp-json\/wp\/v2\/media?parent=10275"}],"wp:term":[{"taxonomy":"product_cat","embeddable":true,"href":"https:\/\/old.mueblespec.com\/index.php\/wp-json\/wp\/v2\/product_cat?post=10275"},{"taxonomy":"product_tag","embeddable":true,"href":"https:\/\/old.mueblespec.com\/index.php\/wp-json\/wp\/v2\/product_tag?post=10275"}],"curies":[{"name":"wp","href":"https:\/\/api.w.org\/{rel}","templated":true}]}}