{"id":9583,"date":"2024-04-13T02:07:41","date_gmt":"2024-04-13T02:07:41","guid":{"rendered":"https:\/\/mueblespec.com\/?post_type=product&#038;p=9583"},"modified":"2024-04-19T05:06:50","modified_gmt":"2024-04-19T05:06:50","slug":"sillon-ejecutivo-ohe-203negro","status":"publish","type":"product","link":"https:\/\/old.mueblespec.com\/index.php\/producto\/sillon-ejecutivo-ohe-203negro\/","title":{"rendered":"SILLON EJECUTIVO OHE-203NEGRO"},"content":{"rendered":"","protected":false},"excerpt":{"rendered":"<p><strong>DESCRIPCI\u00d3N<\/strong><\/p>\n<p><strong>Base:<\/strong>\u00a0estrella de 5 puntas en aluminio fundido y pulido, rodajas tipo dual.<\/p>\n<p><strong>Elevaci\u00f3n:<\/strong>\u00a0por medio de pist\u00f3n neum\u00e1tico que permite ajustar la altura del asiento.<\/p>\n<p><strong>Mecanismo:<\/strong>\u00a0en solera de acero tipo articulado de rodilla \u00abknee tilt\u00bb con sistema de reclinaci\u00f3n y palanca de bloqueo, perilla de regulaci\u00f3n de tensi\u00f3n para el sistema de reclinaci\u00f3n y palanca de bloqueo para la inclinaci\u00f3n del respaldo.<\/p>\n<p><strong>Brazos:<\/strong>\u00a0de aluminio fundido y pulidos con terminado en cromo.<\/p>\n<p><strong>Asiento y respaldo:<\/strong>\u00a0bajo de un s\u00f3lo corte tensado con la estructura para dar una suspensi\u00f3n \u00fanica y adaptarse al cuerpo tapizado en soft revolving leather acojinado con hule espuma laminada flexible con densidad de 17 kgs\/m3; toda la estructura es de acero tubular con terminado en cromo.<\/p>\n<p><strong>Color:<\/strong>\u00a0negro.<\/p>\n<p><strong>Peso m\u00e1ximo de resistencia:<\/strong>\u00a0120 kgs.<\/p>\n","protected":false},"featured_media":9661,"comment_status":"open","ping_status":"closed","template":"","meta":[],"product_cat":[73],"product_tag":[],"class_list":{"0":"post-9583","1":"product","2":"type-product","3":"status-publish","4":"has-post-thumbnail","6":"product_cat-sillas_ejecutivas","8":"first","9":"instock","10":"shipping-taxable","11":"product-type-simple"},"_links":{"self":[{"href":"https:\/\/old.mueblespec.com\/index.php\/wp-json\/wp\/v2\/product\/9583","targetHints":{"allow":["GET"]}}],"collection":[{"href":"https:\/\/old.mueblespec.com\/index.php\/wp-json\/wp\/v2\/product"}],"about":[{"href":"https:\/\/old.mueblespec.com\/index.php\/wp-json\/wp\/v2\/types\/product"}],"replies":[{"embeddable":true,"href":"https:\/\/old.mueblespec.com\/index.php\/wp-json\/wp\/v2\/comments?post=9583"}],"wp:featuredmedia":[{"embeddable":true,"href":"https:\/\/old.mueblespec.com\/index.php\/wp-json\/wp\/v2\/media\/9661"}],"wp:attachment":[{"href":"https:\/\/old.mueblespec.com\/index.php\/wp-json\/wp\/v2\/media?parent=9583"}],"wp:term":[{"taxonomy":"product_cat","embeddable":true,"href":"https:\/\/old.mueblespec.com\/index.php\/wp-json\/wp\/v2\/product_cat?post=9583"},{"taxonomy":"product_tag","embeddable":true,"href":"https:\/\/old.mueblespec.com\/index.php\/wp-json\/wp\/v2\/product_tag?post=9583"}],"curies":[{"name":"wp","href":"https:\/\/api.w.org\/{rel}","templated":true}]}}