{"id":9606,"date":"2024-04-16T16:17:31","date_gmt":"2024-04-16T16:17:31","guid":{"rendered":"https:\/\/mueblespec.com\/?post_type=product&#038;p=9606"},"modified":"2024-04-16T16:30:50","modified_gmt":"2024-04-16T16:30:50","slug":"sillon-ejecutivo-modelo-ohe-605","status":"publish","type":"product","link":"https:\/\/old.mueblespec.com\/index.php\/producto\/sillon-ejecutivo-modelo-ohe-605\/","title":{"rendered":"SILLON EJECUTIVO MODELO OHE-605"},"content":{"rendered":"","protected":false},"excerpt":{"rendered":"<p><strong>DESCRIPCI\u00d3N<\/strong><\/p>\n<p><strong>\u00a0<\/strong><strong>Base:<\/strong>\u00a0estrella de 5 puntas en poliamida, rodajas tipo dual.<br \/>\n<strong>Elevaci\u00f3n:<\/strong>\u00a0por medio de pist\u00f3n neum\u00e1tico que permite ajustar la altura del asiento.<br \/>\n<strong>Mecanismo:<\/strong>\u00a0en acero tipo multimodal de dos palancas; una para el accionamiento y bloqueo del pist\u00f3n neum\u00e1tico y otra para accionar y bloquear la posici\u00f3n de la inclinaci\u00f3n del reclinaje con perilla de regulaci\u00f3n de tensi\u00f3n para el sistema de reclinaci\u00f3n.<br \/>\n<strong>Brazos:<\/strong>\u00a0de polipropileno semi-r\u00edgido con pad de poliuretano; de 10 posiciones.<br \/>\n<strong>Respaldo:<\/strong>\u00a0en malla de dise\u00f1o ergon\u00f3mico con soporte lumbar y cabecera ajustable con sistema flotante.<br \/>\n<strong>Asiento:<\/strong>\u00a0en malla de dise\u00f1o ergon\u00f3mico y al frente hule espuma de poliuretano inyectado y flexible con densidad de 50 kg\/m\u00b3.<br \/>\n<strong>Tapiz:<\/strong>\u00a0en malla de alta resistencia en composici\u00f3n de elastano y polipropileno color negro.<br \/>\n<strong>Peso m\u00e1ximo de resistencia:<\/strong>\u00a0130 kgs.<\/p>\n","protected":false},"featured_media":9607,"comment_status":"open","ping_status":"closed","template":"","meta":[],"product_cat":[73],"product_tag":[],"class_list":{"0":"post-9606","1":"product","2":"type-product","3":"status-publish","4":"has-post-thumbnail","6":"product_cat-sillas_ejecutivas","8":"first","9":"instock","10":"shipping-taxable","11":"product-type-simple"},"_links":{"self":[{"href":"https:\/\/old.mueblespec.com\/index.php\/wp-json\/wp\/v2\/product\/9606","targetHints":{"allow":["GET"]}}],"collection":[{"href":"https:\/\/old.mueblespec.com\/index.php\/wp-json\/wp\/v2\/product"}],"about":[{"href":"https:\/\/old.mueblespec.com\/index.php\/wp-json\/wp\/v2\/types\/product"}],"replies":[{"embeddable":true,"href":"https:\/\/old.mueblespec.com\/index.php\/wp-json\/wp\/v2\/comments?post=9606"}],"wp:featuredmedia":[{"embeddable":true,"href":"https:\/\/old.mueblespec.com\/index.php\/wp-json\/wp\/v2\/media\/9607"}],"wp:attachment":[{"href":"https:\/\/old.mueblespec.com\/index.php\/wp-json\/wp\/v2\/media?parent=9606"}],"wp:term":[{"taxonomy":"product_cat","embeddable":true,"href":"https:\/\/old.mueblespec.com\/index.php\/wp-json\/wp\/v2\/product_cat?post=9606"},{"taxonomy":"product_tag","embeddable":true,"href":"https:\/\/old.mueblespec.com\/index.php\/wp-json\/wp\/v2\/product_tag?post=9606"}],"curies":[{"name":"wp","href":"https:\/\/api.w.org\/{rel}","templated":true}]}}