{"id":9608,"date":"2024-04-16T16:28:38","date_gmt":"2024-04-16T16:28:38","guid":{"rendered":"https:\/\/mueblespec.com\/?post_type=product&#038;p=9608"},"modified":"2024-04-19T05:13:45","modified_gmt":"2024-04-19T05:13:45","slug":"sillon-ejecutivo-modelo-ohe-35","status":"publish","type":"product","link":"https:\/\/old.mueblespec.com\/index.php\/producto\/sillon-ejecutivo-modelo-ohe-35\/","title":{"rendered":"SILLON EJECUTIVO MODELO OHE-35"},"content":{"rendered":"","protected":false},"excerpt":{"rendered":"<p><strong>DESCRIPCI\u00d3N<\/strong><\/p>\n<p><strong>Base: <\/strong>estrella de 5 puntas en poliamida, rodajas tipo dual.<\/p>\n<p><strong>Elevaci\u00f3n: <\/strong>por medio de pist\u00f3n neum\u00e1tico que permite ajustar la altura del asiento.<\/p>\n<p><strong>Mecanismo: <\/strong>en acero tipo articulado synchro inteligente \u201cSmart Tilt\u201d con anti-schock y bloqueo en 3 posiciones el \u00e1ngulo de respaldo; palanca de accionamiento y bloqueo del pist\u00f3n neum\u00e1tico y bot\u00f3n para accionar el slider en diferentes posiciones del asiento.<\/p>\n<p><strong>Brazos: <\/strong>de polipropileno suave con pad de poliuretano; 3D ajustables en 10 posiciones.<\/p>\n<p><strong>Respaldo: <\/strong>en malla de dise\u00f1o ergon\u00f3mico con soporte lumbar flotante.<\/p>\n<p><strong>Asiento: <\/strong>tapa protectora en polipropileno hule espuma laminada flexible con densidad de 40 kg\/m\u00b3 y retardante a la flama.<\/p>\n<p><strong>Tapiz: <\/strong>respaldo de malla de color negro y asiento en tela de color negro.<\/p>\n<p><strong>Peso m\u00e1ximo de resistencia: <\/strong>130 kgs. aproximadamente.<\/p>\n<p><strong>Cabecera opcional.<\/strong><\/p>\n","protected":false},"featured_media":9663,"comment_status":"open","ping_status":"closed","template":"","meta":[],"product_cat":[73],"product_tag":[],"class_list":{"0":"post-9608","1":"product","2":"type-product","3":"status-publish","4":"has-post-thumbnail","6":"product_cat-sillas_ejecutivas","8":"first","9":"instock","10":"shipping-taxable","11":"product-type-simple"},"_links":{"self":[{"href":"https:\/\/old.mueblespec.com\/index.php\/wp-json\/wp\/v2\/product\/9608","targetHints":{"allow":["GET"]}}],"collection":[{"href":"https:\/\/old.mueblespec.com\/index.php\/wp-json\/wp\/v2\/product"}],"about":[{"href":"https:\/\/old.mueblespec.com\/index.php\/wp-json\/wp\/v2\/types\/product"}],"replies":[{"embeddable":true,"href":"https:\/\/old.mueblespec.com\/index.php\/wp-json\/wp\/v2\/comments?post=9608"}],"wp:featuredmedia":[{"embeddable":true,"href":"https:\/\/old.mueblespec.com\/index.php\/wp-json\/wp\/v2\/media\/9663"}],"wp:attachment":[{"href":"https:\/\/old.mueblespec.com\/index.php\/wp-json\/wp\/v2\/media?parent=9608"}],"wp:term":[{"taxonomy":"product_cat","embeddable":true,"href":"https:\/\/old.mueblespec.com\/index.php\/wp-json\/wp\/v2\/product_cat?post=9608"},{"taxonomy":"product_tag","embeddable":true,"href":"https:\/\/old.mueblespec.com\/index.php\/wp-json\/wp\/v2\/product_tag?post=9608"}],"curies":[{"name":"wp","href":"https:\/\/api.w.org\/{rel}","templated":true}]}}