{"id":9614,"date":"2024-04-16T17:03:39","date_gmt":"2024-04-16T17:03:39","guid":{"rendered":"https:\/\/mueblespec.com\/?post_type=product&#038;p=9614"},"modified":"2024-04-16T17:13:39","modified_gmt":"2024-04-16T17:13:39","slug":"sillon-ejecutivo-ohe-805-blanco","status":"publish","type":"product","link":"https:\/\/old.mueblespec.com\/index.php\/producto\/sillon-ejecutivo-ohe-805-blanco\/","title":{"rendered":"SILLON EJECUTIVO OHE-805BLANCO"},"content":{"rendered":"","protected":false},"excerpt":{"rendered":"<p><strong>DESCRIPCI\u00d3N<\/strong><\/p>\n<p><strong>Base:<\/strong>\u00a0estrella de 5 puntas en poliamida, rodajas tipo dual.<br \/>\n<strong>Elevaci\u00f3n:<\/strong>\u00a0por medio de pist\u00f3n neum\u00e1tico que permite ajustar la altura del asiento.<br \/>\n<strong>Mecanismo:<\/strong>\u00a0de acero reforzado tipo articulado synchro inteligente con anti-shock y slider con palanca de bloqueo del pist\u00f3n neum\u00e1tico, con palanca de bloqueo del \u00e1ngulo del respaldo y bot\u00f3n para el accionamiento del slider en sus diferentes posiciones.<br \/>\n<strong>Brazos:<\/strong>\u00a0tipo 3D giratorios y ajustables de altura en polipropileno semi-r\u00edgido con pad de poliuretano.<br \/>\n<strong>Respaldo:<\/strong>\u00a0en malla de dise\u00f1o ergon\u00f3mico con cabecera ajustable y soporte lumbar ajustable.<br \/>\n<strong>Asiento:<\/strong>\u00a0hule espuma de poliuretano inyectado flexible con densidad de 60 kgs\/m\u00b3 con retardante a la flama y alta resilencia.<br \/>\n<strong>Tapiz:<\/strong>\u00a0respaldo de malla de color gris y asiento tapizado al color de su elecci\u00f3n de toda nuestra colecci\u00f3n de tapices.<br \/>\n<strong>Peso m\u00e1ximo de resistencia:<\/strong>\u00a0130 kgs.<\/p>\n","protected":false},"featured_media":9615,"comment_status":"open","ping_status":"closed","template":"","meta":[],"product_cat":[73],"product_tag":[],"class_list":{"0":"post-9614","1":"product","2":"type-product","3":"status-publish","4":"has-post-thumbnail","6":"product_cat-sillas_ejecutivas","8":"first","9":"instock","10":"shipping-taxable","11":"product-type-simple"},"_links":{"self":[{"href":"https:\/\/old.mueblespec.com\/index.php\/wp-json\/wp\/v2\/product\/9614","targetHints":{"allow":["GET"]}}],"collection":[{"href":"https:\/\/old.mueblespec.com\/index.php\/wp-json\/wp\/v2\/product"}],"about":[{"href":"https:\/\/old.mueblespec.com\/index.php\/wp-json\/wp\/v2\/types\/product"}],"replies":[{"embeddable":true,"href":"https:\/\/old.mueblespec.com\/index.php\/wp-json\/wp\/v2\/comments?post=9614"}],"wp:featuredmedia":[{"embeddable":true,"href":"https:\/\/old.mueblespec.com\/index.php\/wp-json\/wp\/v2\/media\/9615"}],"wp:attachment":[{"href":"https:\/\/old.mueblespec.com\/index.php\/wp-json\/wp\/v2\/media?parent=9614"}],"wp:term":[{"taxonomy":"product_cat","embeddable":true,"href":"https:\/\/old.mueblespec.com\/index.php\/wp-json\/wp\/v2\/product_cat?post=9614"},{"taxonomy":"product_tag","embeddable":true,"href":"https:\/\/old.mueblespec.com\/index.php\/wp-json\/wp\/v2\/product_tag?post=9614"}],"curies":[{"name":"wp","href":"https:\/\/api.w.org\/{rel}","templated":true}]}}