{"id":9647,"date":"2024-04-18T22:29:59","date_gmt":"2024-04-18T22:29:59","guid":{"rendered":"https:\/\/mueblespec.com\/?post_type=product&#038;p=9647"},"modified":"2024-04-18T22:29:59","modified_gmt":"2024-04-18T22:29:59","slug":"sillon-ejecutivo-ohe-195negro","status":"publish","type":"product","link":"https:\/\/old.mueblespec.com\/index.php\/producto\/sillon-ejecutivo-ohe-195negro\/","title":{"rendered":"SILLON EJECUTIVO OHE-195NEGRO"},"content":{"rendered":"","protected":false},"excerpt":{"rendered":"<p><strong>DESCRIPCI\u00d3N<\/strong><\/p>\n<p><strong>Base:<\/strong>\u00a0estrella de 5 puntas en metal, terminada en cromo y con rodajas tipo dual.<br \/>\n<strong>Elevaci\u00f3n:<\/strong>\u00a0por medio de pist\u00f3n neum\u00e1tico que permite ajustar la altura del asiento.<br \/>\n<strong>Mecanismo:<\/strong>\u00a0en acero reforzado tipo rodilla articulado (knee-tilt) con sistema de reclinaci\u00f3n y palanca de bloqueo, perilla de regulaci\u00f3n de tensi\u00f3n para el sistema de reclinaci\u00f3n y palanca de bloqueo para la posici\u00f3n de inclinaci\u00f3n del respaldo (contacto permanente).<br \/>\n<strong>Brazos:<\/strong>\u00a0de polipropileno semi-r\u00edgido con pad de poliuretano, con soporte de acero y de 7 posiciones.<br \/>\n<strong>Respaldo:<\/strong>\u00a0en malla de dise\u00f1o ergon\u00f3mico.<br \/>\n<strong>Asiento:<\/strong>\u00a0hule espuma laminado flexible con densidad de 30 kgs\/m3 y alta resistencia.<br \/>\n<strong>Tapiz:<\/strong>\u00a0respaldo de malla de color negro y asiento en soft revolving leather.<br \/>\n<strong>Peso m\u00e1ximo de resistencia:<\/strong>\u00a0150 kgs.<\/p>\n","protected":false},"featured_media":9648,"comment_status":"open","ping_status":"closed","template":"","meta":[],"product_cat":[73],"product_tag":[],"class_list":{"0":"post-9647","1":"product","2":"type-product","3":"status-publish","4":"has-post-thumbnail","6":"product_cat-sillas_ejecutivas","8":"first","9":"instock","10":"shipping-taxable","11":"product-type-simple"},"_links":{"self":[{"href":"https:\/\/old.mueblespec.com\/index.php\/wp-json\/wp\/v2\/product\/9647","targetHints":{"allow":["GET"]}}],"collection":[{"href":"https:\/\/old.mueblespec.com\/index.php\/wp-json\/wp\/v2\/product"}],"about":[{"href":"https:\/\/old.mueblespec.com\/index.php\/wp-json\/wp\/v2\/types\/product"}],"replies":[{"embeddable":true,"href":"https:\/\/old.mueblespec.com\/index.php\/wp-json\/wp\/v2\/comments?post=9647"}],"wp:featuredmedia":[{"embeddable":true,"href":"https:\/\/old.mueblespec.com\/index.php\/wp-json\/wp\/v2\/media\/9648"}],"wp:attachment":[{"href":"https:\/\/old.mueblespec.com\/index.php\/wp-json\/wp\/v2\/media?parent=9647"}],"wp:term":[{"taxonomy":"product_cat","embeddable":true,"href":"https:\/\/old.mueblespec.com\/index.php\/wp-json\/wp\/v2\/product_cat?post=9647"},{"taxonomy":"product_tag","embeddable":true,"href":"https:\/\/old.mueblespec.com\/index.php\/wp-json\/wp\/v2\/product_tag?post=9647"}],"curies":[{"name":"wp","href":"https:\/\/api.w.org\/{rel}","templated":true}]}}