{"id":9653,"date":"2024-04-19T02:39:23","date_gmt":"2024-04-19T02:39:23","guid":{"rendered":"https:\/\/mueblespec.com\/?post_type=product&#038;p=9653"},"modified":"2024-04-19T02:39:23","modified_gmt":"2024-04-19T02:39:23","slug":"sillon-ejecutivo-ga-005a-gr","status":"publish","type":"product","link":"https:\/\/old.mueblespec.com\/index.php\/producto\/sillon-ejecutivo-ga-005a-gr\/","title":{"rendered":"SILLON EJECUTIVO  GA-005A GR"},"content":{"rendered":"","protected":false},"excerpt":{"rendered":"<p>DESCRIPCI\u00d3N<\/p>\n<p>Marco en respaldo, tubular de acero planchado de 1\u201d cal. 18, doblado en forma ergon\u00f3mica, travesa\u00f1os para fijar herraje en tubo planchado de 1\u201d cal. 18 pintado, manerala en la parte posterior para mover el sill\u00f3n en tubular 1\u201d cal. 18, en color negro, respaldo en tapiz tensada con acojinamiento de vinil en color negro, gris o caf\u00e9, asiento tapizado en vinil color negro, gris o caf\u00e9 y con triplay en el interior de 1.2 mm de grosor, hule espuma con densidad 50g\/m3, brazos en tubular de acero el\u00edptico de 1\u00bc\u201d cal. 18, negros, con funda en vinil color negro, gris o caf\u00e9, pist\u00f3n ejecutivo en negro, base met\u00e1lica en color negro matte de 26\u201d, mecanismo ejecutivo, sistema reclinable, mecanismo de bloqueo y ajuste neum\u00e1tico de altura.<\/p>\n","protected":false},"featured_media":9655,"comment_status":"open","ping_status":"closed","template":"","meta":[],"product_cat":[73],"product_tag":[],"class_list":{"0":"post-9653","1":"product","2":"type-product","3":"status-publish","4":"has-post-thumbnail","6":"product_cat-sillas_ejecutivas","8":"first","9":"instock","10":"shipping-taxable","11":"product-type-simple"},"_links":{"self":[{"href":"https:\/\/old.mueblespec.com\/index.php\/wp-json\/wp\/v2\/product\/9653","targetHints":{"allow":["GET"]}}],"collection":[{"href":"https:\/\/old.mueblespec.com\/index.php\/wp-json\/wp\/v2\/product"}],"about":[{"href":"https:\/\/old.mueblespec.com\/index.php\/wp-json\/wp\/v2\/types\/product"}],"replies":[{"embeddable":true,"href":"https:\/\/old.mueblespec.com\/index.php\/wp-json\/wp\/v2\/comments?post=9653"}],"wp:featuredmedia":[{"embeddable":true,"href":"https:\/\/old.mueblespec.com\/index.php\/wp-json\/wp\/v2\/media\/9655"}],"wp:attachment":[{"href":"https:\/\/old.mueblespec.com\/index.php\/wp-json\/wp\/v2\/media?parent=9653"}],"wp:term":[{"taxonomy":"product_cat","embeddable":true,"href":"https:\/\/old.mueblespec.com\/index.php\/wp-json\/wp\/v2\/product_cat?post=9653"},{"taxonomy":"product_tag","embeddable":true,"href":"https:\/\/old.mueblespec.com\/index.php\/wp-json\/wp\/v2\/product_tag?post=9653"}],"curies":[{"name":"wp","href":"https:\/\/api.w.org\/{rel}","templated":true}]}}