{"id":9659,"date":"2024-04-19T03:00:06","date_gmt":"2024-04-19T03:00:06","guid":{"rendered":"https:\/\/mueblespec.com\/?post_type=product&#038;p=9659"},"modified":"2024-05-10T00:05:21","modified_gmt":"2024-05-10T00:05:21","slug":"sillon-ejecutivo-m-90","status":"publish","type":"product","link":"https:\/\/old.mueblespec.com\/index.php\/producto\/sillon-ejecutivo-m-90\/","title":{"rendered":"SILLON EJECUTIVO M-90"},"content":{"rendered":"","protected":false},"excerpt":{"rendered":"<p>DESCRIPCI\u00d3N<\/p>\n<p>Respaldo de estructura pl\u00e1stica tapizada en malla, \u00fanicamente en color negro, asiento de aglomerado de 32 mm. tapizado en variedad de colores (consultar catalogo tapices), con tapa de polipropileno, hule espuma en asiento 6 cms. de espesor d.24 Kgs\/m3, pist\u00f3n ejecutivo, con cubierta telesc\u00f3pica, base en nylon de 24\u2033 de 5 puntas, brazos en polietileno r\u00edgido, mecanismo ejecutivo, fabricado en lamina cal. 14 color negro pintura ep\u00f3xica, sistema reclinable, mecanismo de bloqueo y ajuste neum\u00e1tico de altura.<\/p>\n","protected":false},"featured_media":9660,"comment_status":"open","ping_status":"closed","template":"","meta":[],"product_cat":[74],"product_tag":[],"class_list":{"0":"post-9659","1":"product","2":"type-product","3":"status-publish","4":"has-post-thumbnail","6":"product_cat-sillas_operativas","8":"first","9":"instock","10":"shipping-taxable","11":"product-type-simple"},"_links":{"self":[{"href":"https:\/\/old.mueblespec.com\/index.php\/wp-json\/wp\/v2\/product\/9659","targetHints":{"allow":["GET"]}}],"collection":[{"href":"https:\/\/old.mueblespec.com\/index.php\/wp-json\/wp\/v2\/product"}],"about":[{"href":"https:\/\/old.mueblespec.com\/index.php\/wp-json\/wp\/v2\/types\/product"}],"replies":[{"embeddable":true,"href":"https:\/\/old.mueblespec.com\/index.php\/wp-json\/wp\/v2\/comments?post=9659"}],"wp:featuredmedia":[{"embeddable":true,"href":"https:\/\/old.mueblespec.com\/index.php\/wp-json\/wp\/v2\/media\/9660"}],"wp:attachment":[{"href":"https:\/\/old.mueblespec.com\/index.php\/wp-json\/wp\/v2\/media?parent=9659"}],"wp:term":[{"taxonomy":"product_cat","embeddable":true,"href":"https:\/\/old.mueblespec.com\/index.php\/wp-json\/wp\/v2\/product_cat?post=9659"},{"taxonomy":"product_tag","embeddable":true,"href":"https:\/\/old.mueblespec.com\/index.php\/wp-json\/wp\/v2\/product_tag?post=9659"}],"curies":[{"name":"wp","href":"https:\/\/api.w.org\/{rel}","templated":true}]}}