{"id":9672,"date":"2024-04-20T02:16:59","date_gmt":"2024-04-20T02:16:59","guid":{"rendered":"https:\/\/mueblespec.com\/?post_type=product&#038;p=9672"},"modified":"2024-06-18T23:26:35","modified_gmt":"2024-06-18T23:26:35","slug":"sillon-ejecutivo-e-90n","status":"publish","type":"product","link":"https:\/\/old.mueblespec.com\/index.php\/producto\/sillon-ejecutivo-e-90n\/","title":{"rendered":"SILLON OPERATIVO E-90N"},"content":{"rendered":"","protected":false},"excerpt":{"rendered":"<p><strong>DESCRIPCI\u00d3N<\/strong><\/p>\n<p>Dise\u00f1o ergon\u00f3mico, asiento en madera de triplay de 12 mm y respaldo en pl\u00e1stico r\u00edgido, tapizado en variedad de colores (consultar cat\u00e1logo de tapices), con tapa de polipropileno, hule espuma en respaldo de 5 cm de espesor d.20 kgs\/m\u00b3, asiento en poliuretano inyectado de 5 cm espesor d.53 kgs\/m\u00b3, pist\u00f3n secretarial, con cubierta telesc\u00f3pica, base en nylon de 24\u2033 de 5 puntas, mecanismo secretarial, herraje de doble palanca de control, sistema de contacto permanente, ajuste neum\u00e1tico de altura, ajuste de altura de respaldo, ajuste de inclinaci\u00f3n de respaldo, brazos ajustables de polipropileno r\u00edgido.<\/p>\n","protected":false},"featured_media":10223,"comment_status":"open","ping_status":"closed","template":"","meta":[],"product_cat":[74],"product_tag":[],"class_list":{"0":"post-9672","1":"product","2":"type-product","3":"status-publish","4":"has-post-thumbnail","6":"product_cat-sillas_operativas","8":"first","9":"instock","10":"shipping-taxable","11":"product-type-simple"},"_links":{"self":[{"href":"https:\/\/old.mueblespec.com\/index.php\/wp-json\/wp\/v2\/product\/9672","targetHints":{"allow":["GET"]}}],"collection":[{"href":"https:\/\/old.mueblespec.com\/index.php\/wp-json\/wp\/v2\/product"}],"about":[{"href":"https:\/\/old.mueblespec.com\/index.php\/wp-json\/wp\/v2\/types\/product"}],"replies":[{"embeddable":true,"href":"https:\/\/old.mueblespec.com\/index.php\/wp-json\/wp\/v2\/comments?post=9672"}],"wp:featuredmedia":[{"embeddable":true,"href":"https:\/\/old.mueblespec.com\/index.php\/wp-json\/wp\/v2\/media\/10223"}],"wp:attachment":[{"href":"https:\/\/old.mueblespec.com\/index.php\/wp-json\/wp\/v2\/media?parent=9672"}],"wp:term":[{"taxonomy":"product_cat","embeddable":true,"href":"https:\/\/old.mueblespec.com\/index.php\/wp-json\/wp\/v2\/product_cat?post=9672"},{"taxonomy":"product_tag","embeddable":true,"href":"https:\/\/old.mueblespec.com\/index.php\/wp-json\/wp\/v2\/product_tag?post=9672"}],"curies":[{"name":"wp","href":"https:\/\/api.w.org\/{rel}","templated":true}]}}