{"id":9683,"date":"2024-04-20T03:03:34","date_gmt":"2024-04-20T03:03:34","guid":{"rendered":"https:\/\/mueblespec.com\/?post_type=product&#038;p=9683"},"modified":"2024-04-20T03:03:34","modified_gmt":"2024-04-20T03:03:34","slug":"sillon-ejecutivo-m-155","status":"publish","type":"product","link":"https:\/\/old.mueblespec.com\/index.php\/producto\/sillon-ejecutivo-m-155\/","title":{"rendered":"SILLON EJECUTIVO M-155"},"content":{"rendered":"","protected":false},"excerpt":{"rendered":"<p><strong>DESCRIPCI\u00d3N<\/strong><\/p>\n<p>Estructura en una sola pieza, en tubular ovalado en cal. 16, terminado en pintura ep\u00f3xica texturizada color negro o cromado, asiento en aglomerado de 16 mm tapizado en variedad de colores (consultar catalogo tapices), respaldo tapizado en malla (consultar catalogo tapices), acojinamiento en asiento de poliuretano inyectado d.53 kgs\/m\u00b3, pist\u00f3n ejecutivo, con cubierta telesc\u00f3pica, base cromada \u00f3 nylon de 26\u201d de 5 puntas, mecanismo ejecutivo, fabricado en lamina cal. 14, color negro, pintura ep\u00f3xica, reclinable con regulador de tensi\u00f3n, sistema de bloqueo y ajuste neum\u00e1tico de altura, brazos met\u00e1licos en tubular ovalado cal. 18, terminado en cromo o en pintura ep\u00f3xica texturizada.<\/p>\n","protected":false},"featured_media":9684,"comment_status":"open","ping_status":"closed","template":"","meta":[],"product_cat":[73],"product_tag":[],"class_list":{"0":"post-9683","1":"product","2":"type-product","3":"status-publish","4":"has-post-thumbnail","6":"product_cat-sillas_ejecutivas","8":"first","9":"instock","10":"shipping-taxable","11":"product-type-simple"},"_links":{"self":[{"href":"https:\/\/old.mueblespec.com\/index.php\/wp-json\/wp\/v2\/product\/9683","targetHints":{"allow":["GET"]}}],"collection":[{"href":"https:\/\/old.mueblespec.com\/index.php\/wp-json\/wp\/v2\/product"}],"about":[{"href":"https:\/\/old.mueblespec.com\/index.php\/wp-json\/wp\/v2\/types\/product"}],"replies":[{"embeddable":true,"href":"https:\/\/old.mueblespec.com\/index.php\/wp-json\/wp\/v2\/comments?post=9683"}],"wp:featuredmedia":[{"embeddable":true,"href":"https:\/\/old.mueblespec.com\/index.php\/wp-json\/wp\/v2\/media\/9684"}],"wp:attachment":[{"href":"https:\/\/old.mueblespec.com\/index.php\/wp-json\/wp\/v2\/media?parent=9683"}],"wp:term":[{"taxonomy":"product_cat","embeddable":true,"href":"https:\/\/old.mueblespec.com\/index.php\/wp-json\/wp\/v2\/product_cat?post=9683"},{"taxonomy":"product_tag","embeddable":true,"href":"https:\/\/old.mueblespec.com\/index.php\/wp-json\/wp\/v2\/product_tag?post=9683"}],"curies":[{"name":"wp","href":"https:\/\/api.w.org\/{rel}","templated":true}]}}