{"id":9711,"date":"2024-04-20T14:26:40","date_gmt":"2024-04-20T14:26:40","guid":{"rendered":"https:\/\/mueblespec.com\/?post_type=product&#038;p=9711"},"modified":"2024-04-20T14:29:46","modified_gmt":"2024-04-20T14:29:46","slug":"sillon-ejecutivo-e-60","status":"publish","type":"product","link":"https:\/\/old.mueblespec.com\/index.php\/producto\/sillon-ejecutivo-e-60\/","title":{"rendered":"SILLON EJECUTIVO E-60"},"content":{"rendered":"","protected":false},"excerpt":{"rendered":"<p>DESCRIPCI\u00d3N<\/p>\n<p>Casco de Madera de pino de 19 mm de una sola pieza, tapizados en variedad de colores (consultar catalogo tapices), hule espuma en asiento 8 cm de espesor de 30 kms\/m\u00b3 y respaldo 5 cm de espesor de 20 kgs\/m\u00b3, pist\u00f3n ejecutivo, con cubierta telesc\u00f3pica, base en nylon de 26\u2033 de 5 puntas, mecanismo ejecutivo, fabricado en lamina cal. 14 color negro pintura ep\u00f3xica, sistema reclinable, mecanismo de bloqueo y ajuste neum\u00e1tico de altura, brazos en poliuretano r\u00edgido con alma de acero.<\/p>\n","protected":false},"featured_media":9713,"comment_status":"open","ping_status":"closed","template":"","meta":[],"product_cat":[73],"product_tag":[],"class_list":{"0":"post-9711","1":"product","2":"type-product","3":"status-publish","4":"has-post-thumbnail","6":"product_cat-sillas_ejecutivas","8":"first","9":"instock","10":"shipping-taxable","11":"product-type-simple"},"_links":{"self":[{"href":"https:\/\/old.mueblespec.com\/index.php\/wp-json\/wp\/v2\/product\/9711","targetHints":{"allow":["GET"]}}],"collection":[{"href":"https:\/\/old.mueblespec.com\/index.php\/wp-json\/wp\/v2\/product"}],"about":[{"href":"https:\/\/old.mueblespec.com\/index.php\/wp-json\/wp\/v2\/types\/product"}],"replies":[{"embeddable":true,"href":"https:\/\/old.mueblespec.com\/index.php\/wp-json\/wp\/v2\/comments?post=9711"}],"wp:featuredmedia":[{"embeddable":true,"href":"https:\/\/old.mueblespec.com\/index.php\/wp-json\/wp\/v2\/media\/9713"}],"wp:attachment":[{"href":"https:\/\/old.mueblespec.com\/index.php\/wp-json\/wp\/v2\/media?parent=9711"}],"wp:term":[{"taxonomy":"product_cat","embeddable":true,"href":"https:\/\/old.mueblespec.com\/index.php\/wp-json\/wp\/v2\/product_cat?post=9711"},{"taxonomy":"product_tag","embeddable":true,"href":"https:\/\/old.mueblespec.com\/index.php\/wp-json\/wp\/v2\/product_tag?post=9711"}],"curies":[{"name":"wp","href":"https:\/\/api.w.org\/{rel}","templated":true}]}}