{"id":9735,"date":"2024-04-24T15:13:07","date_gmt":"2024-04-24T15:13:07","guid":{"rendered":"https:\/\/mueblespec.com\/?post_type=product&#038;p=9735"},"modified":"2024-04-24T15:51:49","modified_gmt":"2024-04-24T15:51:49","slug":"silla-secretarial-pl-21","status":"publish","type":"product","link":"https:\/\/old.mueblespec.com\/index.php\/producto\/silla-secretarial-pl-21\/","title":{"rendered":"SILLA SECRETARIAL PL-21"},"content":{"rendered":"","protected":false},"excerpt":{"rendered":"<p><strong>DESCRIPCI\u00d3N<\/strong><\/p>\n<p>Pl\u00e1stico de polipropileno en asiento y respaldo de una sola pieza, sin tapiz, pist\u00f3n secretarial, con cubierta telesc\u00f3pica, base en nylon de 24\u201d de 5 puntas, mecanismo secretarial, ajuste neum\u00e1tico de altura.<\/p>\n<p>COLORES<br \/>\nBlanco, Rojo, Azul, Naranja, Amarillo y Verde.<\/p>\n","protected":false},"featured_media":9736,"comment_status":"open","ping_status":"closed","template":"","meta":[],"product_cat":[72,74],"product_tag":[],"class_list":{"0":"post-9735","1":"product","2":"type-product","3":"status-publish","4":"has-post-thumbnail","6":"product_cat-silla","7":"product_cat-sillas_operativas","9":"first","10":"instock","11":"shipping-taxable","12":"product-type-simple"},"_links":{"self":[{"href":"https:\/\/old.mueblespec.com\/index.php\/wp-json\/wp\/v2\/product\/9735","targetHints":{"allow":["GET"]}}],"collection":[{"href":"https:\/\/old.mueblespec.com\/index.php\/wp-json\/wp\/v2\/product"}],"about":[{"href":"https:\/\/old.mueblespec.com\/index.php\/wp-json\/wp\/v2\/types\/product"}],"replies":[{"embeddable":true,"href":"https:\/\/old.mueblespec.com\/index.php\/wp-json\/wp\/v2\/comments?post=9735"}],"wp:featuredmedia":[{"embeddable":true,"href":"https:\/\/old.mueblespec.com\/index.php\/wp-json\/wp\/v2\/media\/9736"}],"wp:attachment":[{"href":"https:\/\/old.mueblespec.com\/index.php\/wp-json\/wp\/v2\/media?parent=9735"}],"wp:term":[{"taxonomy":"product_cat","embeddable":true,"href":"https:\/\/old.mueblespec.com\/index.php\/wp-json\/wp\/v2\/product_cat?post=9735"},{"taxonomy":"product_tag","embeddable":true,"href":"https:\/\/old.mueblespec.com\/index.php\/wp-json\/wp\/v2\/product_tag?post=9735"}],"curies":[{"name":"wp","href":"https:\/\/api.w.org\/{rel}","templated":true}]}}