{"id":9743,"date":"2024-04-24T15:56:57","date_gmt":"2024-04-24T15:56:57","guid":{"rendered":"https:\/\/mueblespec.com\/?post_type=product&#038;p=9743"},"modified":"2024-04-24T15:56:57","modified_gmt":"2024-04-24T15:56:57","slug":"silla-secretarial-ab-300","status":"publish","type":"product","link":"https:\/\/old.mueblespec.com\/index.php\/producto\/silla-secretarial-ab-300\/","title":{"rendered":"SILLA SECRETARIAL AB-300"},"content":{"rendered":"","protected":false},"excerpt":{"rendered":"<p><strong>DESCRIPCI\u00d3N<\/strong><\/p>\n<p>Asiento y respaldo en concha de polipropileno en color blanco, asiento tapizado en tela color negro (de l\u00ednea) o color a elecci\u00f3n (consultar colecci\u00f3n tapices), hule tipo poliuretano de 2 cm de espesor de 55 kgs.\/m\u00b3, mecanismo con ajuste de altura, pist\u00f3n secretarial en cromo, base en cruceta de 24\u201d en aluminio con rodajas en nylon con detalle en cromo.<\/p>\n","protected":false},"featured_media":9744,"comment_status":"open","ping_status":"closed","template":"","meta":[],"product_cat":[72,74],"product_tag":[],"class_list":{"0":"post-9743","1":"product","2":"type-product","3":"status-publish","4":"has-post-thumbnail","6":"product_cat-silla","7":"product_cat-sillas_operativas","9":"first","10":"instock","11":"shipping-taxable","12":"product-type-simple"},"_links":{"self":[{"href":"https:\/\/old.mueblespec.com\/index.php\/wp-json\/wp\/v2\/product\/9743","targetHints":{"allow":["GET"]}}],"collection":[{"href":"https:\/\/old.mueblespec.com\/index.php\/wp-json\/wp\/v2\/product"}],"about":[{"href":"https:\/\/old.mueblespec.com\/index.php\/wp-json\/wp\/v2\/types\/product"}],"replies":[{"embeddable":true,"href":"https:\/\/old.mueblespec.com\/index.php\/wp-json\/wp\/v2\/comments?post=9743"}],"wp:featuredmedia":[{"embeddable":true,"href":"https:\/\/old.mueblespec.com\/index.php\/wp-json\/wp\/v2\/media\/9744"}],"wp:attachment":[{"href":"https:\/\/old.mueblespec.com\/index.php\/wp-json\/wp\/v2\/media?parent=9743"}],"wp:term":[{"taxonomy":"product_cat","embeddable":true,"href":"https:\/\/old.mueblespec.com\/index.php\/wp-json\/wp\/v2\/product_cat?post=9743"},{"taxonomy":"product_tag","embeddable":true,"href":"https:\/\/old.mueblespec.com\/index.php\/wp-json\/wp\/v2\/product_tag?post=9743"}],"curies":[{"name":"wp","href":"https:\/\/api.w.org\/{rel}","templated":true}]}}