{"id":9755,"date":"2024-04-25T21:11:35","date_gmt":"2024-04-25T21:11:35","guid":{"rendered":"https:\/\/mueblespec.com\/?post_type=product&#038;p=9755"},"modified":"2024-04-25T21:14:10","modified_gmt":"2024-04-25T21:14:10","slug":"silla-de-visita-ab-330","status":"publish","type":"product","link":"https:\/\/old.mueblespec.com\/index.php\/producto\/silla-de-visita-ab-330\/","title":{"rendered":"SILLA DE VISITA AB-330"},"content":{"rendered":"","protected":false},"excerpt":{"rendered":"<p>DESCRIPCI\u00d3N<\/p>\n<p>Respaldo y asiento en concha de polipropileno en color blanco, asiento tapizado en tela color negro (de l\u00ednea) o color a elecci\u00f3n (consultar colecci\u00f3n de tapices), hule tipo poliuretano en asiento en 2 cm de espesor de 55 kgs\/m\u00b3, base en 4 patas de tubo redondo de 5\/8\u201d en cal. 14, terminado en pintura ep\u00f3xica color blanco \u00fanicamente.<\/p>\n","protected":false},"featured_media":9757,"comment_status":"open","ping_status":"closed","template":"","meta":[],"product_cat":[72,76],"product_tag":[],"class_list":{"0":"post-9755","1":"product","2":"type-product","3":"status-publish","4":"has-post-thumbnail","6":"product_cat-silla","7":"product_cat-sillas_de_visita","9":"first","10":"instock","11":"shipping-taxable","12":"product-type-simple"},"_links":{"self":[{"href":"https:\/\/old.mueblespec.com\/index.php\/wp-json\/wp\/v2\/product\/9755","targetHints":{"allow":["GET"]}}],"collection":[{"href":"https:\/\/old.mueblespec.com\/index.php\/wp-json\/wp\/v2\/product"}],"about":[{"href":"https:\/\/old.mueblespec.com\/index.php\/wp-json\/wp\/v2\/types\/product"}],"replies":[{"embeddable":true,"href":"https:\/\/old.mueblespec.com\/index.php\/wp-json\/wp\/v2\/comments?post=9755"}],"wp:featuredmedia":[{"embeddable":true,"href":"https:\/\/old.mueblespec.com\/index.php\/wp-json\/wp\/v2\/media\/9757"}],"wp:attachment":[{"href":"https:\/\/old.mueblespec.com\/index.php\/wp-json\/wp\/v2\/media?parent=9755"}],"wp:term":[{"taxonomy":"product_cat","embeddable":true,"href":"https:\/\/old.mueblespec.com\/index.php\/wp-json\/wp\/v2\/product_cat?post=9755"},{"taxonomy":"product_tag","embeddable":true,"href":"https:\/\/old.mueblespec.com\/index.php\/wp-json\/wp\/v2\/product_tag?post=9755"}],"curies":[{"name":"wp","href":"https:\/\/api.w.org\/{rel}","templated":true}]}}