{"id":9760,"date":"2024-04-25T21:33:44","date_gmt":"2024-04-25T21:33:44","guid":{"rendered":"https:\/\/mueblespec.com\/?post_type=product&#038;p=9760"},"modified":"2024-04-25T21:33:44","modified_gmt":"2024-04-25T21:33:44","slug":"silla-de-visita-a-620t-bl","status":"publish","type":"product","link":"https:\/\/old.mueblespec.com\/index.php\/producto\/silla-de-visita-a-620t-bl\/","title":{"rendered":"SILLA DE VISITA A-620T BL"},"content":{"rendered":"","protected":false},"excerpt":{"rendered":"<p>DESCRIPCI\u00d3N<\/p>\n<p>Respaldo en polipropileno, en colores blanco o gris, asiento en polipropileno, en colores blanco o gris, con hule tipo poliuretano de 1 cm de espesor, tapizado en color negro (de l\u00ednea) o en color a elecci\u00f3n de nuestro cat\u00e1logo de tapices, estructura en cold roll de \u00bd\u201d, terminado en cromo, brazos incluidos en la estructura con coderas en polipropileno, regat\u00f3n antiderrapante de nylon, para evitar rayaduras en piso.<\/p>\n","protected":false},"featured_media":9761,"comment_status":"open","ping_status":"closed","template":"","meta":[],"product_cat":[72,76],"product_tag":[],"class_list":{"0":"post-9760","1":"product","2":"type-product","3":"status-publish","4":"has-post-thumbnail","6":"product_cat-silla","7":"product_cat-sillas_de_visita","9":"first","10":"instock","11":"shipping-taxable","12":"product-type-simple"},"_links":{"self":[{"href":"https:\/\/old.mueblespec.com\/index.php\/wp-json\/wp\/v2\/product\/9760","targetHints":{"allow":["GET"]}}],"collection":[{"href":"https:\/\/old.mueblespec.com\/index.php\/wp-json\/wp\/v2\/product"}],"about":[{"href":"https:\/\/old.mueblespec.com\/index.php\/wp-json\/wp\/v2\/types\/product"}],"replies":[{"embeddable":true,"href":"https:\/\/old.mueblespec.com\/index.php\/wp-json\/wp\/v2\/comments?post=9760"}],"wp:featuredmedia":[{"embeddable":true,"href":"https:\/\/old.mueblespec.com\/index.php\/wp-json\/wp\/v2\/media\/9761"}],"wp:attachment":[{"href":"https:\/\/old.mueblespec.com\/index.php\/wp-json\/wp\/v2\/media?parent=9760"}],"wp:term":[{"taxonomy":"product_cat","embeddable":true,"href":"https:\/\/old.mueblespec.com\/index.php\/wp-json\/wp\/v2\/product_cat?post=9760"},{"taxonomy":"product_tag","embeddable":true,"href":"https:\/\/old.mueblespec.com\/index.php\/wp-json\/wp\/v2\/product_tag?post=9760"}],"curies":[{"name":"wp","href":"https:\/\/api.w.org\/{rel}","templated":true}]}}