{"id":9768,"date":"2024-04-26T02:01:51","date_gmt":"2024-04-26T02:01:51","guid":{"rendered":"https:\/\/mueblespec.com\/?post_type=product&#038;p=9768"},"modified":"2024-04-26T02:01:51","modified_gmt":"2024-04-26T02:01:51","slug":"silla-de-visita-a-200-ne","status":"publish","type":"product","link":"https:\/\/old.mueblespec.com\/index.php\/producto\/silla-de-visita-a-200-ne\/","title":{"rendered":"SILLA DE VISITA A-200 NE"},"content":{"rendered":"","protected":false},"excerpt":{"rendered":"<p><strong>DESCRIPCI\u00d3N<\/strong><\/p>\n<p>Respaldo en polipropileno perforado, en colores blanco o negro, asiento en concha en polipropileno, en colores blanco o negro, tapizado en color negro (de l\u00ednea) o en color a elecci\u00f3n de nuestro cat\u00e1logo de tapices, hule espuma en asiento de 5 cm de espesor y densidad 40 kgs\/m\u00b3, estructura en tubo redondo de 1\u201d cal. 16, terminado en cromo, regaton antiderrapante de nylon color negro, para evitar rayaduras en piso.<\/p>\n","protected":false},"featured_media":9769,"comment_status":"open","ping_status":"closed","template":"","meta":[],"product_cat":[72,76],"product_tag":[],"class_list":{"0":"post-9768","1":"product","2":"type-product","3":"status-publish","4":"has-post-thumbnail","6":"product_cat-silla","7":"product_cat-sillas_de_visita","9":"first","10":"instock","11":"shipping-taxable","12":"product-type-simple"},"_links":{"self":[{"href":"https:\/\/old.mueblespec.com\/index.php\/wp-json\/wp\/v2\/product\/9768","targetHints":{"allow":["GET"]}}],"collection":[{"href":"https:\/\/old.mueblespec.com\/index.php\/wp-json\/wp\/v2\/product"}],"about":[{"href":"https:\/\/old.mueblespec.com\/index.php\/wp-json\/wp\/v2\/types\/product"}],"replies":[{"embeddable":true,"href":"https:\/\/old.mueblespec.com\/index.php\/wp-json\/wp\/v2\/comments?post=9768"}],"wp:featuredmedia":[{"embeddable":true,"href":"https:\/\/old.mueblespec.com\/index.php\/wp-json\/wp\/v2\/media\/9769"}],"wp:attachment":[{"href":"https:\/\/old.mueblespec.com\/index.php\/wp-json\/wp\/v2\/media?parent=9768"}],"wp:term":[{"taxonomy":"product_cat","embeddable":true,"href":"https:\/\/old.mueblespec.com\/index.php\/wp-json\/wp\/v2\/product_cat?post=9768"},{"taxonomy":"product_tag","embeddable":true,"href":"https:\/\/old.mueblespec.com\/index.php\/wp-json\/wp\/v2\/product_tag?post=9768"}],"curies":[{"name":"wp","href":"https:\/\/api.w.org\/{rel}","templated":true}]}}