{"id":9800,"date":"2024-04-27T04:34:06","date_gmt":"2024-04-27T04:34:06","guid":{"rendered":"https:\/\/mueblespec.com\/?post_type=product&#038;p=9800"},"modified":"2024-04-27T04:34:06","modified_gmt":"2024-04-27T04:34:06","slug":"silla-de-visita-a-600t-bl","status":"publish","type":"product","link":"https:\/\/old.mueblespec.com\/index.php\/producto\/silla-de-visita-a-600t-bl\/","title":{"rendered":"SILLA DE VISITA A-600T BL"},"content":{"rendered":"","protected":false},"excerpt":{"rendered":"<p><strong>DESCRIPCI\u00d3N<\/strong><\/p>\n<p>Respaldo en polipropileno, en colores blanco o gris, asiento en polipropileno, en colores blanco o gris, en silla mod. A-600T, con hule tipo poliuretano de 1 cm de espesor, tapizado en color negro (de l\u00ednea) o en color a elecci\u00f3n de nuestro cat\u00e1logo de tapices, estructura en cold roll de 1\/2\u201d, terminado en cromo, regaton antiderrapante de nylon, para evitar rayaduras en piso.<\/p>\n<p><strong>**Silla estibable de 4 pzas.<\/strong><\/p>\n","protected":false},"featured_media":9802,"comment_status":"open","ping_status":"closed","template":"","meta":[],"product_cat":[72,76],"product_tag":[],"class_list":{"0":"post-9800","1":"product","2":"type-product","3":"status-publish","4":"has-post-thumbnail","6":"product_cat-silla","7":"product_cat-sillas_de_visita","9":"first","10":"instock","11":"shipping-taxable","12":"product-type-simple"},"_links":{"self":[{"href":"https:\/\/old.mueblespec.com\/index.php\/wp-json\/wp\/v2\/product\/9800","targetHints":{"allow":["GET"]}}],"collection":[{"href":"https:\/\/old.mueblespec.com\/index.php\/wp-json\/wp\/v2\/product"}],"about":[{"href":"https:\/\/old.mueblespec.com\/index.php\/wp-json\/wp\/v2\/types\/product"}],"replies":[{"embeddable":true,"href":"https:\/\/old.mueblespec.com\/index.php\/wp-json\/wp\/v2\/comments?post=9800"}],"wp:featuredmedia":[{"embeddable":true,"href":"https:\/\/old.mueblespec.com\/index.php\/wp-json\/wp\/v2\/media\/9802"}],"wp:attachment":[{"href":"https:\/\/old.mueblespec.com\/index.php\/wp-json\/wp\/v2\/media?parent=9800"}],"wp:term":[{"taxonomy":"product_cat","embeddable":true,"href":"https:\/\/old.mueblespec.com\/index.php\/wp-json\/wp\/v2\/product_cat?post=9800"},{"taxonomy":"product_tag","embeddable":true,"href":"https:\/\/old.mueblespec.com\/index.php\/wp-json\/wp\/v2\/product_tag?post=9800"}],"curies":[{"name":"wp","href":"https:\/\/api.w.org\/{rel}","templated":true}]}}