{"id":9901,"date":"2024-05-10T03:08:20","date_gmt":"2024-05-10T03:08:20","guid":{"rendered":"https:\/\/mueblespec.com\/?post_type=product&#038;p=9901"},"modified":"2024-05-10T03:08:21","modified_gmt":"2024-05-10T03:08:21","slug":"poste-perforado-de-5-16","status":"publish","type":"product","link":"https:\/\/old.mueblespec.com\/index.php\/producto\/poste-perforado-de-5-16\/","title":{"rendered":"POSTE PERFORADO DE 5\/16"},"content":{"rendered":"","protected":false},"excerpt":{"rendered":"<p>Para el ajuste en el ensamble de los entrepa\u00f1os formado en \u00e1ngulo de 90 grados, terminado en pintura con aplicaci\u00f3n electrost\u00e1tica en f\u00f3rmula h\u00edbrido horneado a 190 grados, color gris acero. Medidas 2.00, 2.21, 2.44, 3.02 calibre 14, 2.00, 2.21 calibre 18<\/p>\n","protected":false},"featured_media":9902,"comment_status":"open","ping_status":"closed","template":"","meta":[],"product_cat":[82],"product_tag":[],"class_list":{"0":"post-9901","1":"product","2":"type-product","3":"status-publish","4":"has-post-thumbnail","6":"product_cat-estanteria","8":"first","9":"instock","10":"shipping-taxable","11":"product-type-simple"},"_links":{"self":[{"href":"https:\/\/old.mueblespec.com\/index.php\/wp-json\/wp\/v2\/product\/9901","targetHints":{"allow":["GET"]}}],"collection":[{"href":"https:\/\/old.mueblespec.com\/index.php\/wp-json\/wp\/v2\/product"}],"about":[{"href":"https:\/\/old.mueblespec.com\/index.php\/wp-json\/wp\/v2\/types\/product"}],"replies":[{"embeddable":true,"href":"https:\/\/old.mueblespec.com\/index.php\/wp-json\/wp\/v2\/comments?post=9901"}],"wp:featuredmedia":[{"embeddable":true,"href":"https:\/\/old.mueblespec.com\/index.php\/wp-json\/wp\/v2\/media\/9902"}],"wp:attachment":[{"href":"https:\/\/old.mueblespec.com\/index.php\/wp-json\/wp\/v2\/media?parent=9901"}],"wp:term":[{"taxonomy":"product_cat","embeddable":true,"href":"https:\/\/old.mueblespec.com\/index.php\/wp-json\/wp\/v2\/product_cat?post=9901"},{"taxonomy":"product_tag","embeddable":true,"href":"https:\/\/old.mueblespec.com\/index.php\/wp-json\/wp\/v2\/product_tag?post=9901"}],"curies":[{"name":"wp","href":"https:\/\/api.w.org\/{rel}","templated":true}]}}