{"id":9906,"date":"2024-05-10T04:00:39","date_gmt":"2024-05-10T04:00:39","guid":{"rendered":"https:\/\/mueblespec.com\/?post_type=product&#038;p=9906"},"modified":"2024-05-10T04:00:40","modified_gmt":"2024-05-10T04:00:40","slug":"gondola-premium-central","status":"publish","type":"product","link":"https:\/\/old.mueblespec.com\/index.php\/producto\/gondola-premium-central\/","title":{"rendered":"GONDOLA PREMIUM CENTRAL"},"content":{"rendered":"","protected":false},"excerpt":{"rendered":"<p><strong>DESCRIPCI\u00d3N<\/strong><\/p>\n<p>Medida de 1.51 x 1.21 x 0.76 (alto, frente, fondo) con 6 entrepa\u00f1os de .30 x 1.21 calibre 22 y m\u00e9nsulas en lamina calibre 14, (3 de cada lado) m\u00e1s la base de 35 cm para ambos lados, panel perforado central. Todo el mueble fabricado en color blanco, zoclos en color negro.<\/p>\n","protected":false},"featured_media":9907,"comment_status":"open","ping_status":"closed","template":"","meta":[],"product_cat":[83],"product_tag":[],"class_list":{"0":"post-9906","1":"product","2":"type-product","3":"status-publish","4":"has-post-thumbnail","6":"product_cat-gondolas","8":"first","9":"instock","10":"shipping-taxable","11":"product-type-simple"},"_links":{"self":[{"href":"https:\/\/old.mueblespec.com\/index.php\/wp-json\/wp\/v2\/product\/9906","targetHints":{"allow":["GET"]}}],"collection":[{"href":"https:\/\/old.mueblespec.com\/index.php\/wp-json\/wp\/v2\/product"}],"about":[{"href":"https:\/\/old.mueblespec.com\/index.php\/wp-json\/wp\/v2\/types\/product"}],"replies":[{"embeddable":true,"href":"https:\/\/old.mueblespec.com\/index.php\/wp-json\/wp\/v2\/comments?post=9906"}],"wp:featuredmedia":[{"embeddable":true,"href":"https:\/\/old.mueblespec.com\/index.php\/wp-json\/wp\/v2\/media\/9907"}],"wp:attachment":[{"href":"https:\/\/old.mueblespec.com\/index.php\/wp-json\/wp\/v2\/media?parent=9906"}],"wp:term":[{"taxonomy":"product_cat","embeddable":true,"href":"https:\/\/old.mueblespec.com\/index.php\/wp-json\/wp\/v2\/product_cat?post=9906"},{"taxonomy":"product_tag","embeddable":true,"href":"https:\/\/old.mueblespec.com\/index.php\/wp-json\/wp\/v2\/product_tag?post=9906"}],"curies":[{"name":"wp","href":"https:\/\/api.w.org\/{rel}","templated":true}]}}