{"id":9927,"date":"2024-05-12T13:09:52","date_gmt":"2024-05-12T13:09:52","guid":{"rendered":"https:\/\/mueblespec.com\/?post_type=product&#038;p=9927"},"modified":"2024-05-12T13:09:53","modified_gmt":"2024-05-12T13:09:53","slug":"sillon-ejecutivo-econo-mallablanco","status":"publish","type":"product","link":"https:\/\/old.mueblespec.com\/index.php\/producto\/sillon-ejecutivo-econo-mallablanco\/","title":{"rendered":"SILLON EJECUTIVO ECONO-MALLABLANCO"},"content":{"rendered":"","protected":false},"excerpt":{"rendered":"<p><strong>DESCRIPCI\u00d3N<\/strong><\/p>\n<p><strong>Base:<\/strong>\u00a0estrella de 5 puntas en metal, terminada en cromo y con rodajas tipo dual.<br \/>\n<strong>Elevaci\u00f3n:<\/strong>\u00a0por medio de pist\u00f3n neum\u00e1tico que permite ajustar la altura del asiento con terminado en cromo.<br \/>\n<strong>Mecanismo:<\/strong>\u00a0plato de acero reforzado con sistema de reclinaci\u00f3n y palanca de bloqueo, perilla de regulaci\u00f3n de tensi\u00f3n para el sistema de reclinaci\u00f3n.<br \/>\n<strong>Respaldo:<\/strong>\u00a0alto en malla de dise\u00f1o ergon\u00f3mico.<br \/>\n<strong>Asiento:<\/strong>\u00a0hule espuma laminada flexible con densidad de 24 kgs\/m\u00b3 y alta resilencia; brazos de polipropileno semi-r\u00edgido con soporte de acero.<br \/>\n<strong>Tapiz:<\/strong>\u00a0malla en color gris y asiento en tela microespacial de color gris.<br \/>\n<strong>Peso m\u00e1ximo de resistencia:<\/strong>\u00a0100 kgs. Uso comercial ligero.<\/p>\n","protected":false},"featured_media":9928,"comment_status":"open","ping_status":"closed","template":"","meta":[],"product_cat":[73],"product_tag":[],"class_list":{"0":"post-9927","1":"product","2":"type-product","3":"status-publish","4":"has-post-thumbnail","6":"product_cat-sillas_ejecutivas","8":"first","9":"instock","10":"shipping-taxable","11":"product-type-simple"},"_links":{"self":[{"href":"https:\/\/old.mueblespec.com\/index.php\/wp-json\/wp\/v2\/product\/9927","targetHints":{"allow":["GET"]}}],"collection":[{"href":"https:\/\/old.mueblespec.com\/index.php\/wp-json\/wp\/v2\/product"}],"about":[{"href":"https:\/\/old.mueblespec.com\/index.php\/wp-json\/wp\/v2\/types\/product"}],"replies":[{"embeddable":true,"href":"https:\/\/old.mueblespec.com\/index.php\/wp-json\/wp\/v2\/comments?post=9927"}],"wp:featuredmedia":[{"embeddable":true,"href":"https:\/\/old.mueblespec.com\/index.php\/wp-json\/wp\/v2\/media\/9928"}],"wp:attachment":[{"href":"https:\/\/old.mueblespec.com\/index.php\/wp-json\/wp\/v2\/media?parent=9927"}],"wp:term":[{"taxonomy":"product_cat","embeddable":true,"href":"https:\/\/old.mueblespec.com\/index.php\/wp-json\/wp\/v2\/product_cat?post=9927"},{"taxonomy":"product_tag","embeddable":true,"href":"https:\/\/old.mueblespec.com\/index.php\/wp-json\/wp\/v2\/product_tag?post=9927"}],"curies":[{"name":"wp","href":"https:\/\/api.w.org\/{rel}","templated":true}]}}