{"id":9932,"date":"2024-05-12T13:31:02","date_gmt":"2024-05-12T13:31:02","guid":{"rendered":"https:\/\/mueblespec.com\/?post_type=product&#038;p=9932"},"modified":"2024-05-12T13:31:02","modified_gmt":"2024-05-12T13:31:02","slug":"sillon-ejecutivo-rimini","status":"publish","type":"product","link":"https:\/\/old.mueblespec.com\/index.php\/producto\/sillon-ejecutivo-rimini\/","title":{"rendered":"SILLON EJECUTIVO RIMINI"},"content":{"rendered":"","protected":false},"excerpt":{"rendered":"<p><strong>DESCRIPCI\u00d3N<\/strong><\/p>\n<p><strong>Base:<\/strong>\u00a0Estrella de 5 puntas en poliamida, rodajas tipo dual.<br \/>\n<strong>Elevaci\u00f3n:<\/strong>\u00a0por medio de pist\u00f3n neum\u00e1tico que permite ajustar la altura del asiento.<br \/>\n<strong>Mecanismo:<\/strong>\u00a0plato de acero reforzado con sistema de reclinaci\u00f3n y palanca de bloqueo, perilla de regulaci\u00f3n de tensi\u00f3n para el sistema de reclinaci\u00f3n.<br \/>\n<strong>Asiento y respaldo:<\/strong>\u00a0respaldo alto, hule espuma laminado flexible con densidad de 22 kgs\/m\u00b3 en el respaldo y 24 kgs\/m\u00b3 en el asiento, de alta resilencia, brazos de polipropileno acojinados y tapizados.<br \/>\n<strong>Tapiz:<\/strong>\u00a0Soft revolving leather color negro.<br \/>\n<strong>Peso m\u00e1ximo de resistencia:<\/strong>\u00a0120 kgs. Uso comercial ligero.<\/p>\n","protected":false},"featured_media":9933,"comment_status":"open","ping_status":"closed","template":"","meta":[],"product_cat":[73],"product_tag":[],"class_list":{"0":"post-9932","1":"product","2":"type-product","3":"status-publish","4":"has-post-thumbnail","6":"product_cat-sillas_ejecutivas","8":"first","9":"instock","10":"shipping-taxable","11":"product-type-simple"},"_links":{"self":[{"href":"https:\/\/old.mueblespec.com\/index.php\/wp-json\/wp\/v2\/product\/9932","targetHints":{"allow":["GET"]}}],"collection":[{"href":"https:\/\/old.mueblespec.com\/index.php\/wp-json\/wp\/v2\/product"}],"about":[{"href":"https:\/\/old.mueblespec.com\/index.php\/wp-json\/wp\/v2\/types\/product"}],"replies":[{"embeddable":true,"href":"https:\/\/old.mueblespec.com\/index.php\/wp-json\/wp\/v2\/comments?post=9932"}],"wp:featuredmedia":[{"embeddable":true,"href":"https:\/\/old.mueblespec.com\/index.php\/wp-json\/wp\/v2\/media\/9933"}],"wp:attachment":[{"href":"https:\/\/old.mueblespec.com\/index.php\/wp-json\/wp\/v2\/media?parent=9932"}],"wp:term":[{"taxonomy":"product_cat","embeddable":true,"href":"https:\/\/old.mueblespec.com\/index.php\/wp-json\/wp\/v2\/product_cat?post=9932"},{"taxonomy":"product_tag","embeddable":true,"href":"https:\/\/old.mueblespec.com\/index.php\/wp-json\/wp\/v2\/product_tag?post=9932"}],"curies":[{"name":"wp","href":"https:\/\/api.w.org\/{rel}","templated":true}]}}